{"id":9,"date":"2019-10-22T14:50:35","date_gmt":"2019-10-22T14:50:35","guid":{"rendered":"http:\/\/pierrejean.com\/cambodge\/?page_id=9"},"modified":"2019-10-24T12:59:09","modified_gmt":"2019-10-24T12:59:09","slug":"about","status":"publish","type":"page","link":"https:\/\/pierrejean.com\/cambodge\/index.php\/about\/","title":{"rendered":"Trajet"},"content":{"rendered":"<table style=\"width: 100%;\" border=\"0\" width=\"261\" cellspacing=\"0\" cellpadding=\"0\">\n<colgroup>\n<col span=\"3\" width=\"87\" \/><\/colgroup>\n<tbody>\n<tr>\n<td style=\"width: 30.745341614906835%;\" width=\"87\" height=\"21\">15 novembre<\/td>\n<td style=\"width: 69.09937888198758%;\" colspan=\"2\" width=\"174\">Arriv\u00e9e \u00e0 Siem Reap<\/td>\n<\/tr>\n<tr>\n<td style=\"width: 30.745341614906835%;\" height=\"21\">16 novembre<\/td>\n<td style=\"width: 60.55900621118012%;\">Visite des temples d&#8217;Angkor en mono<\/td>\n<td style=\"width: 8.540372670807454%;\"><\/td>\n<\/tr>\n<tr>\n<td style=\"width: 30.745341614906835%;\" height=\"21\"><\/td>\n<td style=\"width: 60.55900621118012%;\">P\u00e9daler jusqu&#8217;\u00e0 Kbal Spean<\/td>\n<td style=\"width: 8.540372670807454%;\"><\/td>\n<\/tr>\n<tr>\n<td style=\"width: 30.745341614906835%;\" height=\"21\">18 novembre<\/td>\n<td style=\"width: 69.09937888198758%;\" colspan=\"2\">Transfert vers Phnom Penh<\/td>\n<\/tr>\n<tr>\n<td style=\"width: 30.745341614906835%;\" height=\"21\">19 novembre<\/td>\n<td style=\"width: 69.09937888198758%;\" colspan=\"2\">Transfert vers Choeng Ek<\/td>\n<\/tr>\n<tr>\n<td style=\"width: 30.745341614906835%;\" height=\"21\"><\/td>\n<td style=\"width: 60.55900621118012%;\">P\u00e9daler jusqu&#8217;\u00e0 Takeo<\/td>\n<td style=\"width: 8.540372670807454%;\"><\/td>\n<\/tr>\n<tr>\n<td style=\"width: 30.745341614906835%;\" height=\"21\">20 novembre<\/td>\n<td style=\"width: 60.55900621118012%;\">P\u00e9daler jusqu&#8217;\u00e0 Kep<\/td>\n<td style=\"width: 8.540372670807454%;\"><\/td>\n<\/tr>\n<tr>\n<td style=\"width: 30.745341614906835%;\" height=\"21\">21 novenbre<\/td>\n<td style=\"width: 60.55900621118012%;\">repos \u00e0 Kep<\/td>\n<td style=\"width: 8.540372670807454%;\"><\/td>\n<\/tr>\n<tr>\n<td style=\"width: 30.745341614906835%;\" height=\"21\">22 movembre<\/td>\n<td style=\"width: 60.55900621118012%;\">P\u00e9daler jusuq&#8217;\u00e0 Kampot<\/td>\n<td style=\"width: 8.540372670807454%;\"><\/td>\n<\/tr>\n<tr>\n<td style=\"width: 30.745341614906835%;\" height=\"21\">23 novembre<\/td>\n<td style=\"width: 60.55900621118012%;\">P\u00e9daler jusuq&#8217;\u00e0 Sihanoukville\/ Ream National Park<\/td>\n<td style=\"width: 8.540372670807454%;\"><\/td>\n<\/tr>\n<tr>\n<td style=\"width: 30.745341614906835%;\" height=\"21\">24 novembre<\/td>\n<td style=\"width: 69.09937888198758%;\" colspan=\"2\">Transfert ver Kirirom<\/td>\n<\/tr>\n<tr>\n<td style=\"width: 30.745341614906835%;\" height=\"21\">25 novembre<\/td>\n<td style=\"width: 60.55900621118012%;\">p\u00e9daler le Parc National de Kirirom<\/td>\n<td style=\"width: 8.540372670807454%;\"><\/td>\n<\/tr>\n<tr>\n<td style=\"width: 30.745341614906835%;\" height=\"21\"><\/td>\n<td style=\"width: 69.09937888198758%;\" colspan=\"2\">Transfert vers Phnom Penh<\/td>\n<\/tr>\n<tr>\n<td style=\"width: 30.745341614906835%;\" height=\"21\">26 novembre<\/td>\n<td style=\"width: 69.09937888198758%;\" colspan=\"2\">fin du voyage<\/td>\n<\/tr>\n<\/tbody>\n<\/table>\n","protected":false},"excerpt":{"rendered":"<p>15 novembre Arriv\u00e9e \u00e0 Siem Reap 16 novembre Visite des temples d&#8217;Angkor en mono P\u00e9daler jusqu&#8217;\u00e0 Kbal Spean 18 novembre&hellip;<\/p>\n","protected":false},"author":1,"featured_media":49,"parent":0,"menu_order":0,"comment_status":"closed","ping_status":"closed","template":"","meta":{"_monsterinsights_skip_tracking":false,"_monsterinsights_sitenote_active":false,"_monsterinsights_sitenote_note":"","_monsterinsights_sitenote_category":0,"footnotes":""},"class_list":["post-9","page","type-page","status-publish","has-post-thumbnail","hentry"],"jetpack_likes_enabled":true,"jetpack_sharing_enabled":true,"_links":{"self":[{"href":"https:\/\/pierrejean.com\/cambodge\/index.php\/wp-json\/wp\/v2\/pages\/9","targetHints":{"allow":["GET"]}}],"collection":[{"href":"https:\/\/pierrejean.com\/cambodge\/index.php\/wp-json\/wp\/v2\/pages"}],"about":[{"href":"https:\/\/pierrejean.com\/cambodge\/index.php\/wp-json\/wp\/v2\/types\/page"}],"author":[{"embeddable":true,"href":"https:\/\/pierrejean.com\/cambodge\/index.php\/wp-json\/wp\/v2\/users\/1"}],"replies":[{"embeddable":true,"href":"https:\/\/pierrejean.com\/cambodge\/index.php\/wp-json\/wp\/v2\/comments?post=9"}],"version-history":[{"count":4,"href":"https:\/\/pierrejean.com\/cambodge\/index.php\/wp-json\/wp\/v2\/pages\/9\/revisions"}],"predecessor-version":[{"id":79,"href":"https:\/\/pierrejean.com\/cambodge\/index.php\/wp-json\/wp\/v2\/pages\/9\/revisions\/79"}],"wp:featuredmedia":[{"embeddable":true,"href":"https:\/\/pierrejean.com\/cambodge\/index.php\/wp-json\/wp\/v2\/media\/49"}],"wp:attachment":[{"href":"https:\/\/pierrejean.com\/cambodge\/index.php\/wp-json\/wp\/v2\/media?parent=9"}],"curies":[{"name":"wp","href":"https:\/\/api.w.org\/{rel}","templated":true}]}}