{"id":12,"date":"2019-10-22T14:50:35","date_gmt":"2019-10-22T14:50:35","guid":{"rendered":"http:\/\/pierrejean.com\/cambodge\/?page_id=12"},"modified":"2019-11-10T10:39:01","modified_gmt":"2019-11-10T10:39:01","slug":"a-homepage-section","status":"publish","type":"page","link":"https:\/\/pierrejean.com\/cambodge\/index.php\/a-homepage-section\/","title":{"rendered":"Le monocycle"},"content":{"rendered":"<p><img data-recalc-dims=\"1\" loading=\"lazy\" decoding=\"async\" data-attachment-id=\"200\" data-permalink=\"https:\/\/pierrejean.com\/cambodge\/index.php\/a-homepage-section\/ducks-uni-2\/\" data-orig-file=\"https:\/\/i0.wp.com\/pierrejean.com\/cambodge\/wp-content\/uploads\/2019\/11\/ducks-uni-1.png?fit=2184%2C688&amp;ssl=1\" data-orig-size=\"2184,688\" data-comments-opened=\"1\" data-image-meta=\"{&quot;aperture&quot;:&quot;0&quot;,&quot;credit&quot;:&quot;&quot;,&quot;camera&quot;:&quot;&quot;,&quot;caption&quot;:&quot;&quot;,&quot;created_timestamp&quot;:&quot;0&quot;,&quot;copyright&quot;:&quot;&quot;,&quot;focal_length&quot;:&quot;0&quot;,&quot;iso&quot;:&quot;0&quot;,&quot;shutter_speed&quot;:&quot;0&quot;,&quot;title&quot;:&quot;&quot;,&quot;orientation&quot;:&quot;0&quot;}\" data-image-title=\"ducks-uni\" data-image-description=\"\" data-image-caption=\"\" data-large-file=\"https:\/\/i0.wp.com\/pierrejean.com\/cambodge\/wp-content\/uploads\/2019\/11\/ducks-uni-1.png?fit=640%2C202&amp;ssl=1\" class=\"aligncenter size-large wp-image-200\" src=\"https:\/\/i0.wp.com\/pierrejean.com\/cambodge\/wp-content\/uploads\/2019\/11\/ducks-uni-1.png?resize=640%2C202&#038;ssl=1\" alt=\"\" width=\"640\" height=\"202\" srcset=\"https:\/\/i0.wp.com\/pierrejean.com\/cambodge\/wp-content\/uploads\/2019\/11\/ducks-uni-1.png?resize=1024%2C323&amp;ssl=1 1024w, https:\/\/i0.wp.com\/pierrejean.com\/cambodge\/wp-content\/uploads\/2019\/11\/ducks-uni-1.png?resize=300%2C95&amp;ssl=1 300w, https:\/\/i0.wp.com\/pierrejean.com\/cambodge\/wp-content\/uploads\/2019\/11\/ducks-uni-1.png?resize=768%2C242&amp;ssl=1 768w, https:\/\/i0.wp.com\/pierrejean.com\/cambodge\/wp-content\/uploads\/2019\/11\/ducks-uni-1.png?w=1280&amp;ssl=1 1280w, https:\/\/i0.wp.com\/pierrejean.com\/cambodge\/wp-content\/uploads\/2019\/11\/ducks-uni-1.png?w=1920&amp;ssl=1 1920w\" sizes=\"auto, (max-width: 640px) 100vw, 640px\" \/>\u00c7a m&#8217;a pris il y a deux ans. Une longue histoire d&#8217;\u00e9quilibre! Apr\u00e8s avoir t\u00e2t\u00e9 du paddle-board \u00e0 San Francisco, j&#8217;ai voulu un construire un. Pour travailler \u00e0 Tadoussac, je voulais un abri pour travailler le bois. J&#8217;ai donc achet\u00e9 un petit abri d&#8217;occasion et dans la pi\u00e8ce o\u00f9 il \u00e9tait entrepos\u00e9, il y avait aussi des monocycles. J&#8217;ai demand\u00e9 s&#8217;ils \u00e9taient \u00e0 vendre, mais il aurait fallu attendre le fils de la propri\u00e9taire, qui a eu la b\u00eatise de me dire que c&#8217;\u00e9tait difficile et qu&#8217;elle avait essay\u00e9 sans r\u00e9ussir. J&#8217;ai bien construit le paddle-board dans l&#8217;abri, mais l&#8217;id\u00e9e m&#8217;a trott\u00e9 dans la t\u00eate. J&#8217;ai essay\u00e9 d&#8217;en acheter un d&#8217;occasion, mais le vendeur ne s&#8217;est jamais pr\u00e9sent\u00e9 alors j&#8217;en ai achet\u00e9 un tout neuf en juin 2017.<\/p>\n","protected":false},"excerpt":{"rendered":"<p>\u00c7a m&#8217;a pris il y a deux ans. Une longue histoire d&#8217;\u00e9quilibre! Apr\u00e8s avoir t\u00e2t\u00e9 du paddle-board \u00e0 San Francisco,&hellip;<\/p>\n","protected":false},"author":1,"featured_media":47,"parent":0,"menu_order":0,"comment_status":"closed","ping_status":"closed","template":"","meta":{"_monsterinsights_skip_tracking":false,"_monsterinsights_sitenote_active":false,"_monsterinsights_sitenote_note":"","_monsterinsights_sitenote_category":0,"footnotes":""},"class_list":["post-12","page","type-page","status-publish","has-post-thumbnail","hentry"],"jetpack_likes_enabled":true,"jetpack_sharing_enabled":true,"_links":{"self":[{"href":"https:\/\/pierrejean.com\/cambodge\/index.php\/wp-json\/wp\/v2\/pages\/12","targetHints":{"allow":["GET"]}}],"collection":[{"href":"https:\/\/pierrejean.com\/cambodge\/index.php\/wp-json\/wp\/v2\/pages"}],"about":[{"href":"https:\/\/pierrejean.com\/cambodge\/index.php\/wp-json\/wp\/v2\/types\/page"}],"author":[{"embeddable":true,"href":"https:\/\/pierrejean.com\/cambodge\/index.php\/wp-json\/wp\/v2\/users\/1"}],"replies":[{"embeddable":true,"href":"https:\/\/pierrejean.com\/cambodge\/index.php\/wp-json\/wp\/v2\/comments?post=12"}],"version-history":[{"count":5,"href":"https:\/\/pierrejean.com\/cambodge\/index.php\/wp-json\/wp\/v2\/pages\/12\/revisions"}],"predecessor-version":[{"id":201,"href":"https:\/\/pierrejean.com\/cambodge\/index.php\/wp-json\/wp\/v2\/pages\/12\/revisions\/201"}],"wp:featuredmedia":[{"embeddable":true,"href":"https:\/\/pierrejean.com\/cambodge\/index.php\/wp-json\/wp\/v2\/media\/47"}],"wp:attachment":[{"href":"https:\/\/pierrejean.com\/cambodge\/index.php\/wp-json\/wp\/v2\/media?parent=12"}],"curies":[{"name":"wp","href":"https:\/\/api.w.org\/{rel}","templated":true}]}}