{"id":2085,"date":"2020-04-19T11:22:15","date_gmt":"2020-04-19T15:22:15","guid":{"rendered":"https:\/\/pierrejean.com\/atable\/?page_id=2085"},"modified":"2020-05-03T17:21:59","modified_gmt":"2020-05-03T21:21:59","slug":"recettes-preferees","status":"publish","type":"page","link":"https:\/\/pierrejean.com\/atable\/recettes-preferees\/","title":{"rendered":"Recettes pr\u00e9f\u00e9r\u00e9es"},"content":{"rendered":"<ul class=\"wp-block-latest-posts__list has-dates wp-block-latest-posts\"><li><a class=\"wp-block-latest-posts__post-title\" href=\"https:\/\/pierrejean.com\/atable\/falafel-2\/\">Falafel<\/a><time datetime=\"2025-07-23T18:03:37-04:00\" class=\"wp-block-latest-posts__post-date\">23 juillet 2025<\/time><\/li>\n<li><div class=\"wp-block-latest-posts__featured-image alignleft\"><img loading=\"lazy\" decoding=\"async\" width=\"150\" height=\"150\" src=\"https:\/\/pierrejean.com\/atable\/wp-content\/uploads\/2025\/03\/IMG_2060-s-150x150.jpeg\" class=\"attachment-thumbnail size-thumbnail wp-post-image\" alt=\"\" style=\"max-width:250px;max-height:250px;\" srcset=\"https:\/\/pierrejean.com\/atable\/wp-content\/uploads\/2025\/03\/IMG_2060-s-150x150.jpeg 150w, https:\/\/pierrejean.com\/atable\/wp-content\/uploads\/2025\/03\/IMG_2060-s-144x144.jpeg 144w\" sizes=\"auto, (max-width: 150px) 100vw, 150px\" data-attachment-id=\"3093\" data-permalink=\"https:\/\/pierrejean.com\/atable\/macarons-mars-2025\/img_2060-s\/\" data-orig-file=\"https:\/\/pierrejean.com\/atable\/wp-content\/uploads\/2025\/03\/IMG_2060-s.jpeg\" data-orig-size=\"1600,1200\" data-comments-opened=\"0\" data-image-meta=\"{&quot;aperture&quot;:&quot;1.78&quot;,&quot;credit&quot;:&quot;&quot;,&quot;camera&quot;:&quot;iPhone 16 Pro Max&quot;,&quot;caption&quot;:&quot;&quot;,&quot;created_timestamp&quot;:&quot;1742414934&quot;,&quot;copyright&quot;:&quot;&quot;,&quot;focal_length&quot;:&quot;6.7649998656528&quot;,&quot;iso&quot;:&quot;500&quot;,&quot;shutter_speed&quot;:&quot;0.016666666666667&quot;,&quot;title&quot;:&quot;&quot;,&quot;orientation&quot;:&quot;1&quot;}\" data-image-title=\"IMG_2060-s\" data-image-description=\"\" data-image-caption=\"\" data-large-file=\"https:\/\/pierrejean.com\/atable\/wp-content\/uploads\/2025\/03\/IMG_2060-s-600x450.jpeg\" \/><\/div><a class=\"wp-block-latest-posts__post-title\" href=\"https:\/\/pierrejean.com\/atable\/macarons-mars-2025\/\">Macarons (mars 2025)<\/a><time datetime=\"2025-03-20T21:16:24-04:00\" class=\"wp-block-latest-posts__post-date\">20 mars 2025<\/time><\/li>\n<li><div class=\"wp-block-latest-posts__featured-image alignleft\"><img loading=\"lazy\" decoding=\"async\" width=\"150\" height=\"150\" src=\"https:\/\/pierrejean.com\/atable\/wp-content\/uploads\/2024\/04\/IMG_0016-150x150.jpeg\" class=\"attachment-thumbnail size-thumbnail wp-post-image\" alt=\"\" style=\"max-width:250px;max-height:250px;\" srcset=\"https:\/\/pierrejean.com\/atable\/wp-content\/uploads\/2024\/04\/IMG_0016-150x150.jpeg 150w, https:\/\/pierrejean.com\/atable\/wp-content\/uploads\/2024\/04\/IMG_0016-144x144.jpeg 144w\" sizes=\"auto, (max-width: 150px) 100vw, 150px\" data-attachment-id=\"3059\" data-permalink=\"https:\/\/pierrejean.com\/atable\/mini-bundts-au-citron\/img_0016\/\" data-orig-file=\"https:\/\/pierrejean.com\/atable\/wp-content\/uploads\/2024\/04\/IMG_0016-scaled.jpeg\" data-orig-size=\"1920,2560\" data-comments-opened=\"0\" data-image-meta=\"{&quot;aperture&quot;:&quot;0&quot;,&quot;credit&quot;:&quot;&quot;,&quot;camera&quot;:&quot;&quot;,&quot;caption&quot;:&quot;&quot;,&quot;created_timestamp&quot;:&quot;0&quot;,&quot;copyright&quot;:&quot;&quot;,&quot;focal_length&quot;:&quot;0&quot;,&quot;iso&quot;:&quot;0&quot;,&quot;shutter_speed&quot;:&quot;0&quot;,&quot;title&quot;:&quot;&quot;,&quot;orientation&quot;:&quot;0&quot;}\" data-image-title=\"IMG_0016\" data-image-description=\"\" data-image-caption=\"\" data-large-file=\"https:\/\/pierrejean.com\/atable\/wp-content\/uploads\/2024\/04\/IMG_0016-525x700.jpeg\" \/><\/div><a class=\"wp-block-latest-posts__post-title\" href=\"https:\/\/pierrejean.com\/atable\/mini-bundts-au-citron\/\">mini bundts au citron<\/a><time datetime=\"2024-04-18T05:39:21-04:00\" class=\"wp-block-latest-posts__post-date\">18 avril 2024<\/time><\/li>\n<li><div class=\"wp-block-latest-posts__featured-image alignleft\"><img loading=\"lazy\" decoding=\"async\" width=\"150\" height=\"150\" src=\"https:\/\/pierrejean.com\/atable\/wp-content\/uploads\/2023\/11\/IMG_8597-150x150.jpeg\" class=\"attachment-thumbnail size-thumbnail wp-post-image\" alt=\"\" style=\"max-width:250px;max-height:250px;\" srcset=\"https:\/\/pierrejean.com\/atable\/wp-content\/uploads\/2023\/11\/IMG_8597-150x150.jpeg 150w, https:\/\/pierrejean.com\/atable\/wp-content\/uploads\/2023\/11\/IMG_8597-144x144.jpeg 144w\" sizes=\"auto, (max-width: 150px) 100vw, 150px\" data-attachment-id=\"3041\" data-permalink=\"https:\/\/pierrejean.com\/atable\/spritz-au-chocolat-nouvelle-recette\/img_8597\/\" data-orig-file=\"https:\/\/pierrejean.com\/atable\/wp-content\/uploads\/2023\/11\/IMG_8597-scaled.jpeg\" data-orig-size=\"2560,1920\" data-comments-opened=\"0\" data-image-meta=\"{&quot;aperture&quot;:&quot;1.8&quot;,&quot;credit&quot;:&quot;&quot;,&quot;camera&quot;:&quot;iPhone 13 Pro&quot;,&quot;caption&quot;:&quot;&quot;,&quot;created_timestamp&quot;:&quot;1700080514&quot;,&quot;copyright&quot;:&quot;&quot;,&quot;focal_length&quot;:&quot;1.57&quot;,&quot;iso&quot;:&quot;400&quot;,&quot;shutter_speed&quot;:&quot;0.016666666666667&quot;,&quot;title&quot;:&quot;&quot;,&quot;orientation&quot;:&quot;1&quot;}\" data-image-title=\"IMG_8597\" data-image-description=\"\" data-image-caption=\"\" data-large-file=\"https:\/\/pierrejean.com\/atable\/wp-content\/uploads\/2023\/11\/IMG_8597-600x450.jpeg\" \/><\/div><a class=\"wp-block-latest-posts__post-title\" href=\"https:\/\/pierrejean.com\/atable\/spritz-au-chocolat-nouvelle-recette\/\">Spritz au chocolat (nouvelle recette)<\/a><time datetime=\"2023-11-16T21:45:53-05:00\" class=\"wp-block-latest-posts__post-date\">16 novembre 2023<\/time><\/li>\n<li><div class=\"wp-block-latest-posts__featured-image alignleft\"><img loading=\"lazy\" decoding=\"async\" width=\"150\" height=\"150\" src=\"https:\/\/pierrejean.com\/atable\/wp-content\/uploads\/2022\/11\/cornes-de-gazelle-150x150.jpg\" class=\"attachment-thumbnail size-thumbnail wp-post-image\" alt=\"\" style=\"max-width:250px;max-height:250px;\" srcset=\"https:\/\/pierrejean.com\/atable\/wp-content\/uploads\/2022\/11\/cornes-de-gazelle-150x150.jpg 150w, https:\/\/pierrejean.com\/atable\/wp-content\/uploads\/2022\/11\/cornes-de-gazelle-144x144.jpg 144w\" sizes=\"auto, (max-width: 150px) 100vw, 150px\" data-attachment-id=\"2916\" data-permalink=\"https:\/\/pierrejean.com\/atable\/cornes-de-gazelle-2\/cornes-de-gazelle-2\/\" data-orig-file=\"https:\/\/pierrejean.com\/atable\/wp-content\/uploads\/2022\/11\/cornes-de-gazelle.jpg\" data-orig-size=\"1000,1141\" data-comments-opened=\"0\" data-image-meta=\"{&quot;aperture&quot;:&quot;1.5&quot;,&quot;credit&quot;:&quot;&quot;,&quot;camera&quot;:&quot;iPhone 13 Pro&quot;,&quot;caption&quot;:&quot;&quot;,&quot;created_timestamp&quot;:&quot;1668616042&quot;,&quot;copyright&quot;:&quot;&quot;,&quot;focal_length&quot;:&quot;5.7&quot;,&quot;iso&quot;:&quot;125&quot;,&quot;shutter_speed&quot;:&quot;0.016666666666667&quot;,&quot;title&quot;:&quot;&quot;,&quot;orientation&quot;:&quot;1&quot;}\" data-image-title=\"cornes-de-gazelle\" data-image-description=\"\" data-image-caption=\"\" data-large-file=\"https:\/\/pierrejean.com\/atable\/wp-content\/uploads\/2022\/11\/cornes-de-gazelle-600x685.jpg\" \/><\/div><a class=\"wp-block-latest-posts__post-title\" href=\"https:\/\/pierrejean.com\/atable\/cornes-de-gazelle-2\/\">Cornes de gazelle<\/a><time datetime=\"2022-11-17T20:08:11-05:00\" class=\"wp-block-latest-posts__post-date\">17 novembre 2022<\/time><\/li>\n<li><div class=\"wp-block-latest-posts__featured-image alignleft\"><img loading=\"lazy\" decoding=\"async\" width=\"150\" height=\"150\" src=\"https:\/\/pierrejean.com\/atable\/wp-content\/uploads\/2021\/12\/IMG_5417-150x150.png\" class=\"attachment-thumbnail size-thumbnail wp-post-image\" alt=\"\" style=\"max-width:250px;max-height:250px;\" srcset=\"https:\/\/pierrejean.com\/atable\/wp-content\/uploads\/2021\/12\/IMG_5417-150x150.png 150w, https:\/\/pierrejean.com\/atable\/wp-content\/uploads\/2021\/12\/IMG_5417-144x144.png 144w\" sizes=\"auto, (max-width: 150px) 100vw, 150px\" data-attachment-id=\"2725\" data-permalink=\"https:\/\/pierrejean.com\/atable\/eclairs\/img_5417\/\" data-orig-file=\"https:\/\/pierrejean.com\/atable\/wp-content\/uploads\/2021\/12\/IMG_5417.png\" data-orig-size=\"600,800\" data-comments-opened=\"0\" data-image-meta=\"{&quot;aperture&quot;:&quot;0&quot;,&quot;credit&quot;:&quot;&quot;,&quot;camera&quot;:&quot;&quot;,&quot;caption&quot;:&quot;&quot;,&quot;created_timestamp&quot;:&quot;0&quot;,&quot;copyright&quot;:&quot;&quot;,&quot;focal_length&quot;:&quot;0&quot;,&quot;iso&quot;:&quot;0&quot;,&quot;shutter_speed&quot;:&quot;0&quot;,&quot;title&quot;:&quot;&quot;,&quot;orientation&quot;:&quot;0&quot;}\" data-image-title=\"IMG_5417\" data-image-description=\"\" data-image-caption=\"\" data-large-file=\"https:\/\/pierrejean.com\/atable\/wp-content\/uploads\/2021\/12\/IMG_5417-525x700.png\" \/><\/div><a class=\"wp-block-latest-posts__post-title\" href=\"https:\/\/pierrejean.com\/atable\/eclairs\/\">\u00c9clairs<\/a><time datetime=\"2021-07-18T19:53:18-04:00\" class=\"wp-block-latest-posts__post-date\">18 juillet 2021<\/time><\/li>\n<li><div class=\"wp-block-latest-posts__featured-image alignleft\"><img loading=\"lazy\" decoding=\"async\" width=\"150\" height=\"150\" src=\"https:\/\/pierrejean.com\/atable\/wp-content\/uploads\/2021\/04\/IMG_4266-150x150.png\" class=\"attachment-thumbnail size-thumbnail wp-post-image\" alt=\"\" style=\"max-width:250px;max-height:250px;\" srcset=\"https:\/\/pierrejean.com\/atable\/wp-content\/uploads\/2021\/04\/IMG_4266-150x150.png 150w, https:\/\/pierrejean.com\/atable\/wp-content\/uploads\/2021\/04\/IMG_4266-144x144.png 144w\" sizes=\"auto, (max-width: 150px) 100vw, 150px\" data-attachment-id=\"2527\" data-permalink=\"https:\/\/pierrejean.com\/atable\/amaretti-morbidi\/img_4266\/\" data-orig-file=\"https:\/\/pierrejean.com\/atable\/wp-content\/uploads\/2021\/04\/IMG_4266.png\" data-orig-size=\"1200,900\" data-comments-opened=\"0\" data-image-meta=\"{&quot;aperture&quot;:&quot;0&quot;,&quot;credit&quot;:&quot;&quot;,&quot;camera&quot;:&quot;&quot;,&quot;caption&quot;:&quot;&quot;,&quot;created_timestamp&quot;:&quot;0&quot;,&quot;copyright&quot;:&quot;&quot;,&quot;focal_length&quot;:&quot;0&quot;,&quot;iso&quot;:&quot;0&quot;,&quot;shutter_speed&quot;:&quot;0&quot;,&quot;title&quot;:&quot;&quot;,&quot;orientation&quot;:&quot;0&quot;}\" data-image-title=\"IMG_4266\" data-image-description=\"\" data-image-caption=\"\" data-large-file=\"https:\/\/pierrejean.com\/atable\/wp-content\/uploads\/2021\/04\/IMG_4266-600x450.png\" \/><\/div><a class=\"wp-block-latest-posts__post-title\" href=\"https:\/\/pierrejean.com\/atable\/amaretti-morbidi\/\">Amaretti morbidi<\/a><time datetime=\"2021-04-28T18:40:18-04:00\" class=\"wp-block-latest-posts__post-date\">28 avril 2021<\/time><\/li>\n<li><div class=\"wp-block-latest-posts__featured-image alignleft\"><img loading=\"lazy\" decoding=\"async\" width=\"150\" height=\"150\" src=\"https:\/\/pierrejean.com\/atable\/wp-content\/uploads\/2021\/03\/IMG_4176-150x150.png\" class=\"attachment-thumbnail size-thumbnail wp-post-image\" alt=\"\" style=\"max-width:250px;max-height:250px;\" srcset=\"https:\/\/pierrejean.com\/atable\/wp-content\/uploads\/2021\/03\/IMG_4176-150x150.png 150w, https:\/\/pierrejean.com\/atable\/wp-content\/uploads\/2021\/03\/IMG_4176-600x600.png 600w, https:\/\/pierrejean.com\/atable\/wp-content\/uploads\/2021\/03\/IMG_4176-144x144.png 144w\" sizes=\"auto, (max-width: 150px) 100vw, 150px\" data-attachment-id=\"2488\" data-permalink=\"https:\/\/pierrejean.com\/atable\/maamoul\/img_4176\/\" data-orig-file=\"https:\/\/pierrejean.com\/atable\/wp-content\/uploads\/2021\/03\/IMG_4176.png\" data-orig-size=\"800,600\" data-comments-opened=\"0\" data-image-meta=\"{&quot;aperture&quot;:&quot;0&quot;,&quot;credit&quot;:&quot;&quot;,&quot;camera&quot;:&quot;&quot;,&quot;caption&quot;:&quot;&quot;,&quot;created_timestamp&quot;:&quot;0&quot;,&quot;copyright&quot;:&quot;&quot;,&quot;focal_length&quot;:&quot;0&quot;,&quot;iso&quot;:&quot;0&quot;,&quot;shutter_speed&quot;:&quot;0&quot;,&quot;title&quot;:&quot;&quot;,&quot;orientation&quot;:&quot;0&quot;}\" data-image-title=\"IMG_4176\" data-image-description=\"\" data-image-caption=\"\" data-large-file=\"https:\/\/pierrejean.com\/atable\/wp-content\/uploads\/2021\/03\/IMG_4176-600x450.png\" \/><\/div><a class=\"wp-block-latest-posts__post-title\" href=\"https:\/\/pierrejean.com\/atable\/maamoul\/\">Maamoul<\/a><time datetime=\"2021-03-20T08:56:14-04:00\" class=\"wp-block-latest-posts__post-date\">20 mars 2021<\/time><\/li>\n<li><div class=\"wp-block-latest-posts__featured-image alignleft\"><img loading=\"lazy\" decoding=\"async\" width=\"150\" height=\"150\" src=\"https:\/\/pierrejean.com\/atable\/wp-content\/uploads\/2021\/03\/IMG_4153-e1616021081888-150x150.png\" class=\"attachment-thumbnail size-thumbnail wp-post-image\" alt=\"\" style=\"max-width:250px;max-height:250px;\" srcset=\"https:\/\/pierrejean.com\/atable\/wp-content\/uploads\/2021\/03\/IMG_4153-e1616021081888-150x150.png 150w, https:\/\/pierrejean.com\/atable\/wp-content\/uploads\/2021\/03\/IMG_4153-e1616021081888-144x144.png 144w\" sizes=\"auto, (max-width: 150px) 100vw, 150px\" data-attachment-id=\"2470\" data-permalink=\"https:\/\/pierrejean.com\/atable\/sables-damiers\/img_4153\/\" data-orig-file=\"https:\/\/pierrejean.com\/atable\/wp-content\/uploads\/2021\/03\/IMG_4153-e1616021081888.png\" data-orig-size=\"600,800\" data-comments-opened=\"0\" data-image-meta=\"{&quot;aperture&quot;:&quot;0&quot;,&quot;credit&quot;:&quot;&quot;,&quot;camera&quot;:&quot;&quot;,&quot;caption&quot;:&quot;&quot;,&quot;created_timestamp&quot;:&quot;0&quot;,&quot;copyright&quot;:&quot;&quot;,&quot;focal_length&quot;:&quot;0&quot;,&quot;iso&quot;:&quot;0&quot;,&quot;shutter_speed&quot;:&quot;0&quot;,&quot;title&quot;:&quot;&quot;,&quot;orientation&quot;:&quot;0&quot;}\" data-image-title=\"IMG_4153\" data-image-description=\"\" data-image-caption=\"\" data-large-file=\"https:\/\/pierrejean.com\/atable\/wp-content\/uploads\/2021\/03\/IMG_4153-e1616021081888-525x700.png\" \/><\/div><a class=\"wp-block-latest-posts__post-title\" href=\"https:\/\/pierrejean.com\/atable\/sables-damiers\/\">Sabl\u00e9s Damiers<\/a><time datetime=\"2021-03-16T05:50:02-04:00\" class=\"wp-block-latest-posts__post-date\">16 mars 2021<\/time><\/li>\n<li><div class=\"wp-block-latest-posts__featured-image alignleft\"><img loading=\"lazy\" decoding=\"async\" width=\"150\" height=\"150\" src=\"https:\/\/pierrejean.com\/atable\/wp-content\/uploads\/2021\/02\/IMG_4076-e1614421402821-150x150.png\" class=\"attachment-thumbnail size-thumbnail wp-post-image\" alt=\"\" style=\"max-width:250px;max-height:250px;\" srcset=\"https:\/\/pierrejean.com\/atable\/wp-content\/uploads\/2021\/02\/IMG_4076-e1614421402821-150x150.png 150w, https:\/\/pierrejean.com\/atable\/wp-content\/uploads\/2021\/02\/IMG_4076-e1614421402821-144x144.png 144w\" sizes=\"auto, (max-width: 150px) 100vw, 150px\" data-attachment-id=\"2389\" data-permalink=\"https:\/\/pierrejean.com\/atable\/chouquettes-2\/img_4076\/\" data-orig-file=\"https:\/\/pierrejean.com\/atable\/wp-content\/uploads\/2021\/02\/IMG_4076-e1614421402821.png\" data-orig-size=\"600,800\" data-comments-opened=\"0\" data-image-meta=\"{&quot;aperture&quot;:&quot;0&quot;,&quot;credit&quot;:&quot;&quot;,&quot;camera&quot;:&quot;&quot;,&quot;caption&quot;:&quot;&quot;,&quot;created_timestamp&quot;:&quot;0&quot;,&quot;copyright&quot;:&quot;&quot;,&quot;focal_length&quot;:&quot;0&quot;,&quot;iso&quot;:&quot;0&quot;,&quot;shutter_speed&quot;:&quot;0&quot;,&quot;title&quot;:&quot;&quot;,&quot;orientation&quot;:&quot;0&quot;}\" data-image-title=\"IMG_4076\" data-image-description=\"\" data-image-caption=\"\" data-large-file=\"https:\/\/pierrejean.com\/atable\/wp-content\/uploads\/2021\/02\/IMG_4076-e1614421402821-525x700.png\" \/><\/div><a class=\"wp-block-latest-posts__post-title\" href=\"https:\/\/pierrejean.com\/atable\/chouquettes-2\/\">Chouquettes<\/a><time datetime=\"2021-02-27T05:25:14-05:00\" class=\"wp-block-latest-posts__post-date\">27 f\u00e9vrier 2021<\/time><\/li>\n<\/ul>","protected":false},"excerpt":{"rendered":"","protected":false},"author":1,"featured_media":2130,"parent":0,"menu_order":0,"comment_status":"closed","ping_status":"closed","template":"template-full.php","meta":{"editor_plus_copied_stylings":"{}","footnotes":""},"class_list":["post-2085","page","type-page","status-publish","has-post-thumbnail","hentry"],"jetpack_sharing_enabled":true,"jetpack_shortlink":"https:\/\/wp.me\/PbxdSo-xD","_links":{"self":[{"href":"https:\/\/pierrejean.com\/atable\/wp-json\/wp\/v2\/pages\/2085","targetHints":{"allow":["GET"]}}],"collection":[{"href":"https:\/\/pierrejean.com\/atable\/wp-json\/wp\/v2\/pages"}],"about":[{"href":"https:\/\/pierrejean.com\/atable\/wp-json\/wp\/v2\/types\/page"}],"author":[{"embeddable":true,"href":"https:\/\/pierrejean.com\/atable\/wp-json\/wp\/v2\/users\/1"}],"replies":[{"embeddable":true,"href":"https:\/\/pierrejean.com\/atable\/wp-json\/wp\/v2\/comments?post=2085"}],"version-history":[{"count":6,"href":"https:\/\/pierrejean.com\/atable\/wp-json\/wp\/v2\/pages\/2085\/revisions"}],"predecessor-version":[{"id":3047,"href":"https:\/\/pierrejean.com\/atable\/wp-json\/wp\/v2\/pages\/2085\/revisions\/3047"}],"wp:featuredmedia":[{"embeddable":true,"href":"https:\/\/pierrejean.com\/atable\/wp-json\/wp\/v2\/media\/2130"}],"wp:attachment":[{"href":"https:\/\/pierrejean.com\/atable\/wp-json\/wp\/v2\/media?parent=2085"}],"curies":[{"name":"wp","href":"https:\/\/api.w.org\/{rel}","templated":true}]}}